{"id":128,"date":"2022-04-25T14:53:53","date_gmt":"2022-04-25T14:53:53","guid":{"rendered":"https:\/\/demo.cmssuperheroes.com\/themeforest\/chemlabs\/?page_id=128"},"modified":"2026-05-08T13:46:32","modified_gmt":"2026-05-08T11:46:32","slug":"contacts","status":"publish","type":"page","link":"https:\/\/correctlab.pl\/en\/contacts\/","title":{"rendered":"Contacts"},"content":{"rendered":"<div data-elementor-type=\"wp-page\" data-elementor-id=\"128\" class=\"elementor elementor-128\">\n\t\t\t\t\t\t<div class=\"elementor-section elementor-top-section elementor-element elementor-element-f2e291d elementor-section-full_width elementor-section-height-default elementor-section-height-default cms-remove-row-no cms-section-no-padding-no cms-full-content-with-space-none cms-boxed-bg-false cms-section-boxed-divider-false cms-overlay-gradient-bg-yes cms-overlay-gradient-mode-tb\" data-id=\"f2e291d\" data-element_type=\"section\" data-settings=\"{&quot;shape_divider_bottom&quot;:&quot;curve&quot;}\">\r\n\t\t\t<div class=\"cms-overlay-gradient\"><\/div><div class=\"cms-section-boxed-bg\"><\/div><div class=\"cms-section-boxed-divider\"><\/div><div class=\"cms-elementor-section-remove\"><\/div><div class=\"cms-elementor-section-corner cms-elementor-section-corner-top\"><\/div><div class=\"cms-elementor-section-corner cms-elementor-section-corner-bottom\"><\/div>\t\t<div class=\"elementor-shape elementor-shape-bottom\" data-negative=\"false\">\r\n\t\t\t<svg xmlns=\"http:\/\/www.w3.org\/2000\/svg\" viewbox=\"0 0 1000 100\" preserveaspectratio=\"none\">\n    <path class=\"elementor-shape-fill\" d=\"M1000,4.3V0H0v4.3C0.9,23.1,126.7,99.2,500,100S1000,22.7,1000,4.3z\"\/>\n<\/svg>\t\t<\/div>\r\n\t\t\t\t\t<div class=\"elementor-container elementor-column-gap-no\" >\r\n\t\t\t        <div class=\"elementor-column elementor-col-100 elementor-top-column elementor-element elementor-element-33ce858\" data-id=\"33ce858\" data-element_type=\"column\">\r\n            <div class=\"elementor-widget-wrap\">\r\n                            <\/div>\r\n        <\/div>\r\n        \t\t\t<\/div>\r\n\t\t<\/div>\r\n\t\t<div class=\"elementor-element elementor-element-6486191 e-flex e-con-boxed e-con e-parent\" data-id=\"6486191\" data-element_type=\"container\">\r\n\t\t\t\t\t<div class=\"e-con-inner\">\r\n\t\t\t\t<div class=\"elementor-element elementor-element-5e29ae8 elementor-widget elementor-widget-heading\" data-id=\"5e29ae8\" data-element_type=\"widget\" data-widget_type=\"heading.default\">\n\t\t\t\t<div class=\"elementor-widget-container\">\n\t\t\t<h1 class=\"elementor-heading-title elementor-size-default\">Upholstered Furniture and Mattress Testing Conducted in Greater Poland<\/h1>\t\t<\/div>\n\t\t\t\t<\/div>\n\t\t\t\t<div class=\"elementor-element elementor-element-f5a26ed elementor-widget elementor-widget-spacer\" data-id=\"f5a26ed\" data-element_type=\"widget\" data-widget_type=\"spacer.default\">\n\t\t\t\t<div class=\"elementor-widget-container\">\n\t\t\t\t\t<div class=\"elementor-spacer\">\n\t\t\t<div class=\"elementor-spacer-inner\"><\/div>\n\t\t<\/div>\n\t\t\t\t<\/div>\n\t\t\t\t<\/div>\n\t\t\t\t<div class=\"elementor-element elementor-element-3adf963 elementor-widget elementor-widget-text-editor\" data-id=\"3adf963\" data-element_type=\"widget\" data-widget_type=\"text-editor.default\">\n\t\t\t\t<div class=\"elementor-widget-container\">\n\t\t\t\t\t\t\t<h3 data-start=\"88\" data-end=\"369\">Our laboratory is conveniently located between two dynamically developing cities in Greater Poland: <strong data-start=\"329\" data-end=\"366\">Ostrowem Wielkopolskim i Kaliszem<\/strong>.<\/h3><h3 data-start=\"371\" data-end=\"637\">Thanks to our strategic location, we provide easy access to our services for both local clients and companies from all over Poland. Our laboratory is equipped with advanced testing technologies that meet national and international safety standards.<\/h3>\t\t\t\t\t\t<\/div>\n\t\t\t\t<\/div>\n\t\t\t\t\t<\/div>\r\n\t\t\t\t<\/div>\r\n\t\t\t\t<div class=\"elementor-section elementor-top-section elementor-element elementor-element-49614b4 p-tb-20 pt-lg-70 pb-lg-110 elementor-section-boxed elementor-section-height-default elementor-section-height-default cms-remove-row-no cms-section-no-padding-no cms-boxed-bg-false cms-section-boxed-divider-false cms-overlay-gradient-bg-yes cms-overlay-gradient-mode-tb\" data-id=\"49614b4\" data-element_type=\"section\">\r\n\t\t\t<div class=\"cms-overlay-gradient\"><\/div><div class=\"cms-section-boxed-bg\"><\/div><div class=\"cms-section-boxed-divider\"><\/div><div class=\"cms-elementor-section-remove\"><\/div><div class=\"cms-elementor-section-corner cms-elementor-section-corner-top\"><\/div><div class=\"cms-elementor-section-corner cms-elementor-section-corner-bottom\"><\/div>\t\t\t<div class=\"elementor-container elementor-column-gap-default\" >\r\n\t\t\t        <div class=\"elementor-column elementor-col-100 elementor-top-column elementor-element elementor-element-3570711\" data-id=\"3570711\" data-element_type=\"column\">\r\n            <div class=\"elementor-widget-wrap elementor-element-populated\">\r\n                \t\t<div class=\"elementor-element elementor-element-1cf1904 cms-maps-layout-1 cms-accordion cms-accordion-layout-1 elementor-widget elementor-widget-cms_map\" data-id=\"1cf1904\" data-element_type=\"widget\" data-widget_type=\"cms_map.default\">\n\t\t\t\t<div class=\"elementor-widget-container\">\n\t\t\t<div class=\"cms-map-wrapper relative cms-map-height d-flex align-items-center mapstart\">\r\n            <iframe frameborder=\"0\" scrolling=\"no\" marginheight=\"0\" marginwidth=\"0\"\r\n            src=\"https:\/\/maps.google.com\/maps?q=Oci%C4%85%C5%BC%2C%20ul.%20Torowa%2011&#038;t=m&#038;z=14&#038;output=embed&#038;iwloc=near\"\r\n            title=\"Oci\u0105\u017c, ul. Torowa 11\"\r\n            aria-label=\"Oci\u0105\u017c, ul. Torowa 11\"\r\n            class=\"cms-map-iframe cms-map-height absolute w-100\"\r\n        ><\/iframe>    \r\n        <div class=\"container relative z-top\">\r\n        <a href=\"https:\/\/maps.google.com\/maps?q=Oci%C4%85%C5%BC%2C%20ul.%20Torowa%2011&#038;t=m&#038;z=14&#038;iwloc=near\" target=\"_self\" class=\"cms-overlay\"><\/a>\r\n        <div id=\"cms_map-1cf1904\" class=\"cms-accordion cms-shadow-1 bg-white cms-radius-10 overflow-hidden relative z-top\">\r\n                            <div class=\"cms-heading text-white text-20 bg-primary p-lr-40 p-tb-33 cms-radius-10\">\r\n                    Contact Us                <\/div>\r\n                                                <div class=\"cms-accordion-item cms-transition active\" data-target=\"#400d7aa\">\r\n                        <div class=\"cms-ac-title text-heading row gutters-20 justify-content-between\">\r\n                            <span class=\"cms-ac-title-icon col-auto order-last\">\r\n                                <span aria-hidden=\"true\" class=\"cms-icon cms-ac-title--icon cms-ac-title-icon-close cmsi-plus\" style=\"\"><\/span><span aria-hidden=\"true\" class=\"cms-icon cms-ac-title--icon cms-ac-title-icon-open cmsi-minus\" style=\"\"><\/span>                            <\/span>\r\n                            <a class=\"cms-ac-title-text text-primary text-17 font-700 col\">Correct Laboratory<\/a>\r\n                        <\/div>\r\n                        <div id=\"400d7aa\" class=\"cms-ac-content\" style=\"display:block;\">CORRECT - P. KACZMAREK I WSP\u00d3LNICY SP\u00d3\u0141KA KOMANDYTOWA<br \/>\n11 Torowa Street, 63-460 Oci\u0105\u017c, Poland<br \/>\n63-460 Nowe Skalmierzyce, Poland<br \/>\n<br \/>\nTel : +48 62 762 99 89<br \/>\n                                        Email: lab@vcorrect.eu<br \/>\n                                        Adress: 11 Torowa Street, 63-460 Oci\u0105\u017c, Poland <br \/>\n                                        Opening hours:<br \/>\n Monday - Friday: 6:00 AM - 3:00 PM<\/div>\r\n                    <\/div>\r\n                        <\/div>\r\n    <\/div>\r\n<\/div>\t\t<\/div>\n\t\t\t\t<\/div>\n\t\t\t\t<div class=\"elementor-element elementor-element-e5cf109 elementor-widget elementor-widget-spacer\" data-id=\"e5cf109\" data-element_type=\"widget\" data-widget_type=\"spacer.default\">\n\t\t\t\t<div class=\"elementor-widget-container\">\n\t\t\t\t\t<div class=\"elementor-spacer\">\n\t\t\t<div class=\"elementor-spacer-inner\"><\/div>\n\t\t<\/div>\n\t\t\t\t<\/div>\n\t\t\t\t<\/div>\n\t\t\t\t<div class=\"elementor-element elementor-element-ddd6574 cms-cf7-layout-2 elementor-widget elementor-widget-cms_ctf7\" data-id=\"ddd6574\" data-element_type=\"widget\" data-widget_type=\"cms_ctf7.default\">\n\t\t\t\t<div class=\"elementor-widget-container\">\n\t\t\t<div class=\"d-flex justify-content-start text-start\">\r\n                <div class=\"cms-posts-heading w-100 pb-45\">\r\n                                    <\/div><\/div>\r\n            <div class=\"cms-cf7 relative cms-shadow-\">\r\n    <div class=\"cms-cf7-inner row gutters-grid\">\r\n        <div class=\"cms-banner col-lg-4\">\r\n            <div class=\"cms-cf7-banner-inner pr-xl-70\">\r\n                    <h4 class=\"cms-form-heading cms-heading mt-n5 mb-35 text-24  text-heading empty-none\">CORRECT - P. KACZMAREK I WSP\u00d3LNICY SP\u00d3\u0141KA KOMANDYTOWA\n<\/h4>\r\n    <div class=\"extra-space clearfix\"> <\/div>\r\n    <div class=\"cms-form-desc text-17 mb-25 mt-n5  text-body empty-none\">Tax Number: 6222602978 \n11 Torowa Street, 63-460 Oci\u0105\u017c, Poland\n                                         <\/div>\r\n    <div class=\"extra-space clearfix\"> <\/div>\r\n            <\/div>\r\n        <\/div>\r\n        <div class=\"col-lg-8\">\n<div class=\"wpcf7 no-js\" id=\"wpcf7-f3295-o1\" lang=\"en-US\" dir=\"ltr\">\n<div class=\"screen-reader-response\"><p role=\"status\" aria-live=\"polite\" aria-atomic=\"true\"><\/p> <ul><\/ul><\/div>\n<form action=\"\/wp-json\/wp\/v2\/pages\/128\" method=\"post\" class=\"wpcf7-form init\" aria-label=\"Contact form\" novalidate=\"novalidate\" data-status=\"init\" data-trp-original-action=\"\/en\/wp-json\/wp\/v2\/pages\/128#wpcf7-f3295-o1\">\n<div style=\"display: none;\">\n<input type=\"hidden\" name=\"_wpcf7\" value=\"3295\" \/>\n<input type=\"hidden\" name=\"_wpcf7_version\" value=\"5.9.8\" \/>\n<input type=\"hidden\" name=\"_wpcf7_locale\" value=\"en_US\" \/>\n<input type=\"hidden\" name=\"_wpcf7_unit_tag\" value=\"wpcf7-f3295-o1\" \/>\n<input type=\"hidden\" name=\"_wpcf7_container_post\" value=\"0\" \/>\n<input type=\"hidden\" name=\"_wpcf7_posted_data_hash\" value=\"\" \/>\n<\/div>\n<div class=\"row gutters-30 gutters-grid\">\n\t<div class=\"col-lg-4\">\n\t\t<p><span class=\"wpcf7-form-control-wrap\" data-name=\"your-name\"><input size=\"40\" maxlength=\"400\" class=\"wpcf7-form-control wpcf7-text wpcf7-validates-as-required\" aria-required=\"true\" aria-invalid=\"false\" placeholder=\"Name and Surname\" value=\"\" type=\"text\" name=\"your-name\" \/><\/span>\n\t\t<\/p>\n\t<\/div>\n\t<div class=\"col-lg-4\">\n\t\t<p><span class=\"wpcf7-form-control-wrap\" data-name=\"company-name\"><input size=\"40\" maxlength=\"400\" class=\"wpcf7-form-control wpcf7-text wpcf7-validates-as-required\" aria-required=\"true\" aria-invalid=\"false\" placeholder=\"Company Name\" value=\"\" type=\"text\" name=\"company-name\" \/><\/span>\n\t\t<\/p>\n\t<\/div>\n\t<div class=\"col-lg-4\">\n\t\t<p><span class=\"wpcf7-form-control-wrap\" data-name=\"your-email\"><input size=\"40\" maxlength=\"400\" class=\"wpcf7-form-control wpcf7-email wpcf7-validates-as-required wpcf7-text wpcf7-validates-as-email\" aria-required=\"true\" aria-invalid=\"false\" placeholder=\"E-mail adress\" value=\"\" type=\"email\" name=\"your-email\" \/><\/span>\n\t\t<\/p>\n\t<\/div>\n\t<div class=\"col-lg-4\">\n\t\t<p><span class=\"wpcf7-form-control-wrap\" data-name=\"phone\"><input size=\"40\" maxlength=\"400\" class=\"wpcf7-form-control wpcf7-tel wpcf7-validates-as-required wpcf7-text wpcf7-validates-as-tel\" aria-required=\"true\" aria-invalid=\"false\" placeholder=\"Phone Number\" value=\"\" type=\"tel\" name=\"phone\" \/><\/span>\n\t\t<\/p>\n\t<\/div>\n\t<div class=\"col-12\">\n\t\t<p><span class=\"wpcf7-form-control-wrap\" data-name=\"your-message\"><textarea cols=\"40\" rows=\"10\" maxlength=\"2000\" class=\"wpcf7-form-control wpcf7-textarea\" aria-invalid=\"false\" placeholder=\"Your message\" name=\"your-message\"><\/textarea><\/span>\n\t\t<\/p>\n\t<\/div>\n\t<div class=\"col-12 mt-10\">\n\t\t<p><div class=\"cms-submit\"><button class=\"wpcf7-form-control wpcf7-submit btn btn-fill btn-accent text-white btn-hover-primary text-hover-white btn-lg w-100\" type=\"submit\"><span class=\"cms-btn-content justify-content-center\"><span class=\"wpcf7-submit-icon cms-btn-icon cmsi-arrow-right\"><\/span><span class=\"cms-btn-text\">Send<\/span><\/span><\/button><\/div>\n\t\t<\/p>\n\t<\/div>\n<\/div><div class=\"wpcf7-response-output\" aria-hidden=\"true\"><\/div>\n<input type=\"hidden\" name=\"trp-form-language\" value=\"en\"\/><\/form>\n<\/div>\n<\/div>\r\n            <\/div>\r\n<\/div>\t\t<\/div>\n\t\t\t\t<\/div>\n\t\t            <\/div>\r\n        <\/div>\r\n        \t\t\t<\/div>\r\n\t\t<\/div>\r\n\t\t\t\t<\/div>","protected":false},"excerpt":{"rendered":"<p>Testy Mebli Tapicerowanych i Materac\u00f3w wykonywane w Wielkopolsce Nasza siedziba mie\u015bci si\u0119 w dogodnej lokalizacji \u2013 pomi\u0119dzy dwoma dynamicznie rozwijaj\u0105cymi si\u0119 miastami Wielkopolski: Ostrowem Wielkopolskim i Kaliszem. Dzi\u0119ki strategicznemu po\u0142o\u017ceniu zapewniamy \u0142atwy dost\u0119p do naszych us\u0142ug zar\u00f3wno dla klient\u00f3w lokalnych, jak i firm z ca\u0142ej Polski. Nasze laboratorium wyposa\u017cone jest w zaawansowane technologie testowania, spe\u0142niaj\u0105ce krajowe i mi\u0119dzynarodowe normy bezpiecze\u0144stwa. Skontaktuj si\u0119 z nami Laboratorium Correct CORRECT &#8211; P. KACZMAREK I WSP\u00d3LNICY SP\u00d3\u0141KA KOMANDYTOWA Oci\u0105\u017c, ul.Torowa 11, 63-460 Nowe Skalmierzyce, Polska Tel : +48 62 762 99 89 Email: lab@vcorrect.eu Adres: ul. Torowa 11, Oci\u0105\u017c, 63-460 Nowe Skalmierzyce Godziny otwarcia: poniedzia\u0142ek &#8211; pi\u0105tek : 6.00 &#8211; 15.00 CORRECT &#8211; P. KACZMAREK I WSP\u00d3LNICY SP\u00d3\u0141KA KOMANDYTOWA Oci\u0105\u017c, ul. Torowa 11 63-460 Nowe Skalmierzyce NIP: 6222602978 KRS: 0000250397 Wy\u015blij<\/p>","protected":false},"author":1,"featured_media":0,"parent":0,"menu_order":18,"comment_status":"closed","ping_status":"closed","template":"","meta":{"footnotes":""},"class_list":["post-128","page","type-page","status-publish","hentry","cms-no-post-thumbnail"],"yoast_head":"<!-- This site is optimized with the Yoast SEO plugin v24.0 - https:\/\/yoast.com\/wordpress\/plugins\/seo\/ -->\n<title>Contacts - Correct Laboratorium<\/title>\n<meta name=\"robots\" content=\"index, follow, max-snippet:-1, max-image-preview:large, max-video-preview:-1\" \/>\n<link rel=\"canonical\" href=\"https:\/\/correctlab.pl\/en\/contacts\/\" \/>\n<meta property=\"og:locale\" content=\"en_US\" \/>\n<meta property=\"og:type\" content=\"article\" \/>\n<meta property=\"og:title\" content=\"Contacts - Correct Laboratorium\" \/>\n<meta property=\"og:description\" content=\"Testy Mebli Tapicerowanych i Materac\u00f3w wykonywane w Wielkopolsce Nasza siedziba mie\u015bci si\u0119 w dogodnej lokalizacji \u2013 pomi\u0119dzy dwoma dynamicznie rozwijaj\u0105cymi si\u0119 miastami Wielkopolski: Ostrowem Wielkopolskim i Kaliszem. Dzi\u0119ki strategicznemu po\u0142o\u017ceniu zapewniamy \u0142atwy dost\u0119p do naszych us\u0142ug zar\u00f3wno dla klient\u00f3w lokalnych, jak i firm z ca\u0142ej Polski. Nasze laboratorium wyposa\u017cone jest w zaawansowane technologie testowania, spe\u0142niaj\u0105ce krajowe i mi\u0119dzynarodowe normy bezpiecze\u0144stwa. Skontaktuj si\u0119 z nami Laboratorium Correct CORRECT &#8211; P. KACZMAREK I WSP\u00d3LNICY SP\u00d3\u0141KA KOMANDYTOWA Oci\u0105\u017c, ul.Torowa 11, 63-460 Nowe Skalmierzyce, Polska Tel : +48 62 762 99 89 Email: lab@vcorrect.eu Adres: ul. Torowa 11, Oci\u0105\u017c, 63-460 Nowe Skalmierzyce Godziny otwarcia: poniedzia\u0142ek &#8211; pi\u0105tek : 6.00 &#8211; 15.00 CORRECT &#8211; P. KACZMAREK I WSP\u00d3LNICY SP\u00d3\u0141KA KOMANDYTOWA Oci\u0105\u017c, ul. Torowa 11 63-460 Nowe Skalmierzyce NIP: 6222602978 KRS: 0000250397 Wy\u015blij\" \/>\n<meta property=\"og:url\" content=\"https:\/\/correctlab.pl\/en\/contacts\/\" \/>\n<meta property=\"og:site_name\" content=\"Correct Laboratorium\" \/>\n<meta property=\"article:modified_time\" content=\"2026-05-08T11:46:32+00:00\" \/>\n<meta name=\"twitter:card\" content=\"summary_large_image\" \/>\n<meta name=\"twitter:label1\" content=\"Est. reading time\" \/>\n\t<meta name=\"twitter:data1\" content=\"1 minute\" \/>\n<script type=\"application\/ld+json\" class=\"yoast-schema-graph\">{\"@context\":\"https:\/\/schema.org\",\"@graph\":[{\"@type\":\"WebPage\",\"@id\":\"https:\/\/correctlab.pl\/contacts\/\",\"url\":\"https:\/\/correctlab.pl\/contacts\/\",\"name\":\"Contacts - Correct Laboratorium\",\"isPartOf\":{\"@id\":\"https:\/\/correctlab.pl\/#website\"},\"datePublished\":\"2022-04-25T14:53:53+00:00\",\"dateModified\":\"2026-05-08T11:46:32+00:00\",\"breadcrumb\":{\"@id\":\"https:\/\/correctlab.pl\/contacts\/#breadcrumb\"},\"inLanguage\":\"en-US\",\"potentialAction\":[{\"@type\":\"ReadAction\",\"target\":[\"https:\/\/correctlab.pl\/contacts\/\"]}]},{\"@type\":\"BreadcrumbList\",\"@id\":\"https:\/\/correctlab.pl\/contacts\/#breadcrumb\",\"itemListElement\":[{\"@type\":\"ListItem\",\"position\":1,\"name\":\"Strona g\u0142\u00f3wna\",\"item\":\"https:\/\/correctlab.pl\/\"},{\"@type\":\"ListItem\",\"position\":2,\"name\":\"Contacts\"}]},{\"@type\":\"WebSite\",\"@id\":\"https:\/\/correctlab.pl\/#website\",\"url\":\"https:\/\/correctlab.pl\/\",\"name\":\"Laboratorium Correct\",\"description\":\"\",\"potentialAction\":[{\"@type\":\"SearchAction\",\"target\":{\"@type\":\"EntryPoint\",\"urlTemplate\":\"https:\/\/correctlab.pl\/?s={search_term_string}\"},\"query-input\":{\"@type\":\"PropertyValueSpecification\",\"valueRequired\":true,\"valueName\":\"search_term_string\"}}],\"inLanguage\":\"en-US\"}]}<\/script>\n<!-- \/ Yoast SEO plugin. -->","yoast_head_json":{"title":"Contacts - Correct Laboratorium","robots":{"index":"index","follow":"follow","max-snippet":"max-snippet:-1","max-image-preview":"max-image-preview:large","max-video-preview":"max-video-preview:-1"},"canonical":"https:\/\/correctlab.pl\/en\/contacts\/","og_locale":"en_US","og_type":"article","og_title":"Contacts - Correct Laboratorium","og_description":"Testy Mebli Tapicerowanych i Materac\u00f3w wykonywane w Wielkopolsce Nasza siedziba mie\u015bci si\u0119 w dogodnej lokalizacji \u2013 pomi\u0119dzy dwoma dynamicznie rozwijaj\u0105cymi si\u0119 miastami Wielkopolski: Ostrowem Wielkopolskim i Kaliszem. Dzi\u0119ki strategicznemu po\u0142o\u017ceniu zapewniamy \u0142atwy dost\u0119p do naszych us\u0142ug zar\u00f3wno dla klient\u00f3w lokalnych, jak i firm z ca\u0142ej Polski. Nasze laboratorium wyposa\u017cone jest w zaawansowane technologie testowania, spe\u0142niaj\u0105ce krajowe i mi\u0119dzynarodowe normy bezpiecze\u0144stwa. Skontaktuj si\u0119 z nami Laboratorium Correct CORRECT &#8211; P. KACZMAREK I WSP\u00d3LNICY SP\u00d3\u0141KA KOMANDYTOWA Oci\u0105\u017c, ul.Torowa 11, 63-460 Nowe Skalmierzyce, Polska Tel : +48 62 762 99 89 Email: lab@vcorrect.eu Adres: ul. Torowa 11, Oci\u0105\u017c, 63-460 Nowe Skalmierzyce Godziny otwarcia: poniedzia\u0142ek &#8211; pi\u0105tek : 6.00 &#8211; 15.00 CORRECT &#8211; P. KACZMAREK I WSP\u00d3LNICY SP\u00d3\u0141KA KOMANDYTOWA Oci\u0105\u017c, ul. Torowa 11 63-460 Nowe Skalmierzyce NIP: 6222602978 KRS: 0000250397 Wy\u015blij","og_url":"https:\/\/correctlab.pl\/en\/contacts\/","og_site_name":"Correct Laboratorium","article_modified_time":"2026-05-08T11:46:32+00:00","twitter_card":"summary_large_image","twitter_misc":{"Est. reading time":"1 minute"},"schema":{"@context":"https:\/\/schema.org","@graph":[{"@type":"WebPage","@id":"https:\/\/correctlab.pl\/contacts\/","url":"https:\/\/correctlab.pl\/contacts\/","name":"Contacts - Correct Laboratorium","isPartOf":{"@id":"https:\/\/correctlab.pl\/#website"},"datePublished":"2022-04-25T14:53:53+00:00","dateModified":"2026-05-08T11:46:32+00:00","breadcrumb":{"@id":"https:\/\/correctlab.pl\/contacts\/#breadcrumb"},"inLanguage":"en-US","potentialAction":[{"@type":"ReadAction","target":["https:\/\/correctlab.pl\/contacts\/"]}]},{"@type":"BreadcrumbList","@id":"https:\/\/correctlab.pl\/contacts\/#breadcrumb","itemListElement":[{"@type":"ListItem","position":1,"name":"Strona g\u0142\u00f3wna","item":"https:\/\/correctlab.pl\/"},{"@type":"ListItem","position":2,"name":"Contacts"}]},{"@type":"WebSite","@id":"https:\/\/correctlab.pl\/#website","url":"https:\/\/correctlab.pl\/","name":"Laboratorium Correct","description":"","potentialAction":[{"@type":"SearchAction","target":{"@type":"EntryPoint","urlTemplate":"https:\/\/correctlab.pl\/?s={search_term_string}"},"query-input":{"@type":"PropertyValueSpecification","valueRequired":true,"valueName":"search_term_string"}}],"inLanguage":"en-US"}]}},"_links":{"self":[{"href":"https:\/\/correctlab.pl\/en\/wp-json\/wp\/v2\/pages\/128","targetHints":{"allow":["GET"]}}],"collection":[{"href":"https:\/\/correctlab.pl\/en\/wp-json\/wp\/v2\/pages"}],"about":[{"href":"https:\/\/correctlab.pl\/en\/wp-json\/wp\/v2\/types\/page"}],"author":[{"embeddable":true,"href":"https:\/\/correctlab.pl\/en\/wp-json\/wp\/v2\/users\/1"}],"replies":[{"embeddable":true,"href":"https:\/\/correctlab.pl\/en\/wp-json\/wp\/v2\/comments?post=128"}],"version-history":[{"count":33,"href":"https:\/\/correctlab.pl\/en\/wp-json\/wp\/v2\/pages\/128\/revisions"}],"predecessor-version":[{"id":5236,"href":"https:\/\/correctlab.pl\/en\/wp-json\/wp\/v2\/pages\/128\/revisions\/5236"}],"wp:attachment":[{"href":"https:\/\/correctlab.pl\/en\/wp-json\/wp\/v2\/media?parent=128"}],"curies":[{"name":"wp","href":"https:\/\/api.w.org\/{rel}","templated":true}]}}