{"id":4303,"date":"2024-11-12T12:10:42","date_gmt":"2024-11-12T11:10:42","guid":{"rendered":"https:\/\/correctlab.pl\/?page_id=4303"},"modified":"2026-02-17T13:27:18","modified_gmt":"2026-02-17T12:27:18","slug":"do-pobrania","status":"publish","type":"page","link":"https:\/\/correctlab.pl\/en\/do-pobrania\/","title":{"rendered":"Do pobrania"},"content":{"rendered":"<div data-elementor-type=\"wp-page\" data-elementor-id=\"4303\" class=\"elementor elementor-4303\">\n\t\t\t\t\t\t<div class=\"elementor-section elementor-top-section elementor-element elementor-element-635c46ec elementor-section-full_width elementor-section-height-default elementor-section-height-default cms-remove-row-no cms-section-no-padding-no cms-full-content-with-space-none cms-boxed-bg-false cms-section-boxed-divider-false cms-overlay-gradient-bg-yes cms-overlay-gradient-mode-tb\" data-id=\"635c46ec\" data-element_type=\"section\" data-settings=\"{&quot;shape_divider_bottom&quot;:&quot;curve&quot;}\">\r\n\t\t\t<div class=\"cms-overlay-gradient\"><\/div><div class=\"cms-section-boxed-bg\"><\/div><div class=\"cms-section-boxed-divider\"><\/div><div class=\"cms-elementor-section-remove\"><\/div><div class=\"cms-elementor-section-corner cms-elementor-section-corner-top\"><\/div><div class=\"cms-elementor-section-corner cms-elementor-section-corner-bottom\"><\/div>\t\t<div class=\"elementor-shape elementor-shape-bottom\" data-negative=\"false\">\r\n\t\t\t<svg xmlns=\"http:\/\/www.w3.org\/2000\/svg\" viewbox=\"0 0 1000 100\" preserveaspectratio=\"none\">\n    <path class=\"elementor-shape-fill\" d=\"M1000,4.3V0H0v4.3C0.9,23.1,126.7,99.2,500,100S1000,22.7,1000,4.3z\"\/>\n<\/svg>\t\t<\/div>\r\n\t\t\t\t\t<div class=\"elementor-container elementor-column-gap-no\" >\r\n\t\t\t        <div class=\"elementor-column elementor-col-100 elementor-top-column elementor-element elementor-element-34ab3e9\" data-id=\"34ab3e9\" data-element_type=\"column\">\r\n            <div class=\"elementor-widget-wrap elementor-element-populated\">\r\n                \t\t<div class=\"elementor-element elementor-element-d1a4bc2 cms-page-title-layout-2 elementor-widget elementor-widget-cms_page_title\" data-id=\"d1a4bc2\" data-element_type=\"widget\" data-widget_type=\"cms_page_title.default\">\n\t\t\t\t<div class=\"elementor-widget-container\">\n\t\t\t<div class=\"cms-page-title-wrapper cms-overlay-gradient-1 text-start  text-lg-center pb-20\" style=\"background-image:url(https:\/\/correctlab.pl\/wp-content\/uploads\/2024\/12\/19-kopia.png);\">\r\n    <div class=\"cms-page-title-overlay cms-page-title-gradient cms-overlay-gradient\"><\/div>\r\n    <div class=\"extra-space-top pt-50 pt-lg-130\"><\/div>\r\n    <div class=\"container\">\r\n        <div class=\"row empty-none justify-content-start  justify-content-lg-center\">\r\n            <div class=\"cms-page-title-content-col col-12 col-md-10 col-xl-6\">\r\n                <div class=\"cms-page-title-content\">\r\n                        <h1 class=\"cms-mainheading cms-heading text-30 text-md-50 text-xl-75 font-700 lh-1-13  text-white empty-none elementor-invisible animated-normal\" data-settings=\"{&quot;_animation&quot;:&quot;none&quot;,&quot;animation_delay&quot;:&quot;&quot;}\">Downloads<\/h1>\r\n    <div class=\"extra-space clearfix\"> <\/div>\r\n                    <div class=\"row gutters-30 gutters-grid align-items-center pt-30 empty-none justify-content-center  justify-content-lg-center\"><\/div>\r\n                <\/div>\r\n            <\/div>\r\n        <\/div>\r\n    <\/div>\r\n    <div class=\"extra-space-bottom pt-40 pt-lg-75 d-block\"><\/div>\r\n        <\/div>\t\t<\/div>\n\t\t\t\t<\/div>\n\t\t            <\/div>\r\n        <\/div>\r\n        \t\t\t<\/div>\r\n\t\t<\/div>\r\n\t\t<div class=\"elementor-element elementor-element-7a0efc0 e-flex e-con-boxed e-con e-parent\" data-id=\"7a0efc0\" data-element_type=\"container\">\r\n\t\t\t\t\t<div class=\"e-con-inner\">\r\n\t\t<div class=\"elementor-element elementor-element-0b090d1 e-con-full e-flex e-con e-child\" data-id=\"0b090d1\" data-element_type=\"container\">\r\n\t\t\t\t<div class=\"elementor-element elementor-element-5d90659 cms-download-layout-1 elementor-widget elementor-widget-cms_download\" data-id=\"5d90659\" data-element_type=\"widget\" data-widget_type=\"cms_download.default\">\n\t\t\t\t<div class=\"elementor-widget-container\">\n\t\t\t<div class=\"cms-downloads p-tb-50 p-lr-20 p-lr-lg-30 p-lr-xl-50 bg-white cms-shadow-1 cms-divider divider-bottom divider-accent relative cms-radius-10\">\n\t    <h2 class=\"cms-heading text-19 mt-n5 mb-25  text-heading empty-none\">Downloads<\/h2>\r\n    <div class=\"extra-space clearfix\"> <\/div>\r\n\t    <div class=\"cms-download cms-download-item mt-20\">\n\t\t<a href=\"https:\/\/correctlab.pl\/wp-content\/uploads\/2026\/02\/Zakres-akredytacji.pdf\" target=\"_blank\" class=\"cms-transition bg-accent bg-hover-primary link-white link-hover-white font-700 cms-radius-6 overflow-hidden\">\n\t\t\t<span aria-hidden=\"true\" class=\"cms-icon text-32 cms-download-icon cmsi cmsi-folder-open\" style=\"\"><\/span><span class=\"cms-download-text font-700\">Zakres akredytacji<\/span>    \t<\/a>\n    <\/div>  \n\t    <div class=\"cms-download cms-download-item mt-20\">\n\t\t<a href=\"https:\/\/correctlab.pl\/wp-content\/uploads\/2026\/02\/Wytyczne-do-badania-palnosci_wyd.3.docx\" target=\"_blank\" class=\"cms-transition bg-accent bg-hover-primary link-white link-hover-white font-700 cms-radius-6 overflow-hidden\">\n\t\t\t<span aria-hidden=\"true\" class=\"cms-icon text-32 cms-download-icon cmsi cmsi-folder-open\" style=\"\"><\/span><span class=\"cms-download-text font-700\">Wytyczne do badania palno\u015bci<\/span>    \t<\/a>\n    <\/div>  \n\t    <div class=\"cms-download cms-download-item mt-20\">\n\t\t<a href=\"https:\/\/correctlab.pl\/wp-content\/uploads\/2024\/11\/KATALOG-LABORATORIUM-CORRECT.pdf\" target=\"_blank\" class=\"cms-transition bg-accent bg-hover-primary link-white link-hover-white font-700 cms-radius-6 overflow-hidden\">\n\t\t\t<span aria-hidden=\"true\" class=\"cms-icon text-32 cms-download-icon cmsi cmsi-folder-open\" style=\"\"><\/span><span class=\"cms-download-text font-700\">Test Catalogue<\/span>    \t<\/a>\n    <\/div>  \n\t    <div class=\"cms-download cms-download-item mt-20\">\n\t\t<a href=\"https:\/\/correctlab.pl\/wp-content\/uploads\/2025\/02\/Certyfikat-akredytacji-PCA.pdf\" target=\"_blank\" class=\"cms-transition bg-accent bg-hover-primary link-white link-hover-white font-700 cms-radius-6 overflow-hidden\">\n\t\t\t<span aria-hidden=\"true\" class=\"cms-icon text-32 cms-download-icon cmsi cmsi-folder-open\" style=\"\"><\/span><span class=\"cms-download-text font-700\">Certyfikat Akredytacji PCA <\/span>    \t<\/a>\n    <\/div>  \n\t<\/div>\n\t\t<\/div>\n\t\t\t\t<\/div>\n\t\t\t\t<\/div>\r\n\t\t\t\t\t<\/div>\r\n\t\t\t\t<\/div>\r\n\t\t\t\t<\/div>","protected":false},"excerpt":{"rendered":"<p>Pliki do pobrania Pliki do pobrania Zakres akredytacji Wytyczne do badania palno\u015bci Katalog bada\u0144 Certyfikat Akredytacji PCA<\/p>","protected":false},"author":3,"featured_media":4400,"parent":0,"menu_order":0,"comment_status":"closed","ping_status":"closed","template":"","meta":{"footnotes":""},"class_list":["post-4303","page","type-page","status-publish","has-post-thumbnail","hentry","cms-has-post-thumbnail"],"yoast_head":"<!-- This site is optimized with the Yoast SEO plugin v24.0 - https:\/\/yoast.com\/wordpress\/plugins\/seo\/ -->\n<title>Do pobrania - Correct Laboratorium<\/title>\n<meta name=\"description\" content=\"Lista materia\u0142\u00f3w do pobrania zwi\u0105zanych z badaniami prdouktowymi realizowanymi przez Laboratorium Correct.\" \/>\n<meta name=\"robots\" content=\"index, follow, max-snippet:-1, max-image-preview:large, max-video-preview:-1\" \/>\n<link rel=\"canonical\" href=\"https:\/\/correctlab.pl\/en\/do-pobrania\/\" \/>\n<meta property=\"og:locale\" content=\"en_US\" \/>\n<meta property=\"og:type\" content=\"article\" \/>\n<meta property=\"og:title\" content=\"Do pobrania - Correct Laboratorium\" \/>\n<meta property=\"og:description\" content=\"Lista materia\u0142\u00f3w do pobrania zwi\u0105zanych z badaniami prdouktowymi realizowanymi przez Laboratorium Correct.\" \/>\n<meta property=\"og:url\" content=\"https:\/\/correctlab.pl\/en\/do-pobrania\/\" \/>\n<meta property=\"og:site_name\" content=\"Correct Laboratorium\" \/>\n<meta property=\"article:modified_time\" content=\"2026-02-17T12:27:18+00:00\" \/>\n<meta property=\"og:image\" content=\"https:\/\/correctlab.pl\/wp-content\/uploads\/2024\/11\/ZDJECIA-LAB-18-840x562.png\" \/>\n\t<meta property=\"og:image:width\" content=\"840\" \/>\n\t<meta property=\"og:image:height\" content=\"562\" \/>\n\t<meta property=\"og:image:type\" content=\"image\/png\" \/>\n<meta name=\"twitter:card\" content=\"summary_large_image\" \/>\n<meta name=\"twitter:label1\" content=\"Est. reading time\" \/>\n\t<meta name=\"twitter:data1\" content=\"1 minute\" \/>\n<script type=\"application\/ld+json\" class=\"yoast-schema-graph\">{\"@context\":\"https:\/\/schema.org\",\"@graph\":[{\"@type\":\"WebPage\",\"@id\":\"https:\/\/correctlab.pl\/do-pobrania\/\",\"url\":\"https:\/\/correctlab.pl\/do-pobrania\/\",\"name\":\"Do pobrania - Correct Laboratorium\",\"isPartOf\":{\"@id\":\"https:\/\/correctlab.pl\/#website\"},\"primaryImageOfPage\":{\"@id\":\"https:\/\/correctlab.pl\/do-pobrania\/#primaryimage\"},\"image\":{\"@id\":\"https:\/\/correctlab.pl\/do-pobrania\/#primaryimage\"},\"thumbnailUrl\":\"https:\/\/correctlab.pl\/wp-content\/uploads\/2024\/11\/ZDJECIA-LAB-18.png\",\"datePublished\":\"2024-11-12T11:10:42+00:00\",\"dateModified\":\"2026-02-17T12:27:18+00:00\",\"description\":\"Lista materia\u0142\u00f3w do pobrania zwi\u0105zanych z badaniami prdouktowymi realizowanymi przez Laboratorium Correct.\",\"breadcrumb\":{\"@id\":\"https:\/\/correctlab.pl\/do-pobrania\/#breadcrumb\"},\"inLanguage\":\"en-US\",\"potentialAction\":[{\"@type\":\"ReadAction\",\"target\":[\"https:\/\/correctlab.pl\/do-pobrania\/\"]}]},{\"@type\":\"ImageObject\",\"inLanguage\":\"en-US\",\"@id\":\"https:\/\/correctlab.pl\/do-pobrania\/#primaryimage\",\"url\":\"https:\/\/correctlab.pl\/wp-content\/uploads\/2024\/11\/ZDJECIA-LAB-18.png\",\"contentUrl\":\"https:\/\/correctlab.pl\/wp-content\/uploads\/2024\/11\/ZDJECIA-LAB-18.png\",\"width\":1920,\"height\":1080},{\"@type\":\"BreadcrumbList\",\"@id\":\"https:\/\/correctlab.pl\/do-pobrania\/#breadcrumb\",\"itemListElement\":[{\"@type\":\"ListItem\",\"position\":1,\"name\":\"Strona g\u0142\u00f3wna\",\"item\":\"https:\/\/correctlab.pl\/\"},{\"@type\":\"ListItem\",\"position\":2,\"name\":\"Do pobrania\"}]},{\"@type\":\"WebSite\",\"@id\":\"https:\/\/correctlab.pl\/#website\",\"url\":\"https:\/\/correctlab.pl\/\",\"name\":\"Laboratorium Correct\",\"description\":\"\",\"potentialAction\":[{\"@type\":\"SearchAction\",\"target\":{\"@type\":\"EntryPoint\",\"urlTemplate\":\"https:\/\/correctlab.pl\/?s={search_term_string}\"},\"query-input\":{\"@type\":\"PropertyValueSpecification\",\"valueRequired\":true,\"valueName\":\"search_term_string\"}}],\"inLanguage\":\"en-US\"}]}<\/script>\n<!-- \/ Yoast SEO plugin. -->","yoast_head_json":{"title":"Do pobrania - Correct Laboratorium","description":"Lista materia\u0142\u00f3w do pobrania zwi\u0105zanych z badaniami prdouktowymi realizowanymi przez Laboratorium Correct.","robots":{"index":"index","follow":"follow","max-snippet":"max-snippet:-1","max-image-preview":"max-image-preview:large","max-video-preview":"max-video-preview:-1"},"canonical":"https:\/\/correctlab.pl\/en\/do-pobrania\/","og_locale":"en_US","og_type":"article","og_title":"Do pobrania - Correct Laboratorium","og_description":"Lista materia\u0142\u00f3w do pobrania zwi\u0105zanych z badaniami prdouktowymi realizowanymi przez Laboratorium Correct.","og_url":"https:\/\/correctlab.pl\/en\/do-pobrania\/","og_site_name":"Correct Laboratorium","article_modified_time":"2026-02-17T12:27:18+00:00","og_image":[{"width":840,"height":562,"url":"https:\/\/correctlab.pl\/wp-content\/uploads\/2024\/11\/ZDJECIA-LAB-18-840x562.png","type":"image\/png"}],"twitter_card":"summary_large_image","twitter_misc":{"Est. reading time":"1 minute"},"schema":{"@context":"https:\/\/schema.org","@graph":[{"@type":"WebPage","@id":"https:\/\/correctlab.pl\/do-pobrania\/","url":"https:\/\/correctlab.pl\/do-pobrania\/","name":"Do pobrania - Correct Laboratorium","isPartOf":{"@id":"https:\/\/correctlab.pl\/#website"},"primaryImageOfPage":{"@id":"https:\/\/correctlab.pl\/do-pobrania\/#primaryimage"},"image":{"@id":"https:\/\/correctlab.pl\/do-pobrania\/#primaryimage"},"thumbnailUrl":"https:\/\/correctlab.pl\/wp-content\/uploads\/2024\/11\/ZDJECIA-LAB-18.png","datePublished":"2024-11-12T11:10:42+00:00","dateModified":"2026-02-17T12:27:18+00:00","description":"Lista materia\u0142\u00f3w do pobrania zwi\u0105zanych z badaniami prdouktowymi realizowanymi przez Laboratorium Correct.","breadcrumb":{"@id":"https:\/\/correctlab.pl\/do-pobrania\/#breadcrumb"},"inLanguage":"en-US","potentialAction":[{"@type":"ReadAction","target":["https:\/\/correctlab.pl\/do-pobrania\/"]}]},{"@type":"ImageObject","inLanguage":"en-US","@id":"https:\/\/correctlab.pl\/do-pobrania\/#primaryimage","url":"https:\/\/correctlab.pl\/wp-content\/uploads\/2024\/11\/ZDJECIA-LAB-18.png","contentUrl":"https:\/\/correctlab.pl\/wp-content\/uploads\/2024\/11\/ZDJECIA-LAB-18.png","width":1920,"height":1080},{"@type":"BreadcrumbList","@id":"https:\/\/correctlab.pl\/do-pobrania\/#breadcrumb","itemListElement":[{"@type":"ListItem","position":1,"name":"Strona g\u0142\u00f3wna","item":"https:\/\/correctlab.pl\/"},{"@type":"ListItem","position":2,"name":"Do pobrania"}]},{"@type":"WebSite","@id":"https:\/\/correctlab.pl\/#website","url":"https:\/\/correctlab.pl\/","name":"Laboratorium Correct","description":"","potentialAction":[{"@type":"SearchAction","target":{"@type":"EntryPoint","urlTemplate":"https:\/\/correctlab.pl\/?s={search_term_string}"},"query-input":{"@type":"PropertyValueSpecification","valueRequired":true,"valueName":"search_term_string"}}],"inLanguage":"en-US"}]}},"_links":{"self":[{"href":"https:\/\/correctlab.pl\/en\/wp-json\/wp\/v2\/pages\/4303","targetHints":{"allow":["GET"]}}],"collection":[{"href":"https:\/\/correctlab.pl\/en\/wp-json\/wp\/v2\/pages"}],"about":[{"href":"https:\/\/correctlab.pl\/en\/wp-json\/wp\/v2\/types\/page"}],"author":[{"embeddable":true,"href":"https:\/\/correctlab.pl\/en\/wp-json\/wp\/v2\/users\/3"}],"replies":[{"embeddable":true,"href":"https:\/\/correctlab.pl\/en\/wp-json\/wp\/v2\/comments?post=4303"}],"version-history":[{"count":82,"href":"https:\/\/correctlab.pl\/en\/wp-json\/wp\/v2\/pages\/4303\/revisions"}],"predecessor-version":[{"id":5217,"href":"https:\/\/correctlab.pl\/en\/wp-json\/wp\/v2\/pages\/4303\/revisions\/5217"}],"wp:featuredmedia":[{"embeddable":true,"href":"https:\/\/correctlab.pl\/en\/wp-json\/wp\/v2\/media\/4400"}],"wp:attachment":[{"href":"https:\/\/correctlab.pl\/en\/wp-json\/wp\/v2\/media?parent=4303"}],"curies":[{"name":"wp","href":"https:\/\/api.w.org\/{rel}","templated":true}]}}