{"id":4630,"date":"2024-11-29T10:12:05","date_gmt":"2024-11-29T09:12:05","guid":{"rendered":"https:\/\/correctlab.pl\/?page_id=4630"},"modified":"2025-02-14T11:13:17","modified_gmt":"2025-02-14T10:13:17","slug":"polityka-jakosci","status":"publish","type":"page","link":"https:\/\/correctlab.pl\/en\/polityka-jakosci\/","title":{"rendered":"Quality Policy"},"content":{"rendered":"<div data-elementor-type=\"wp-page\" data-elementor-id=\"4630\" class=\"elementor elementor-4630\">\n\t\t\t\t<div class=\"elementor-element elementor-element-57f12cd e-flex e-con-boxed e-con e-parent\" data-id=\"57f12cd\" data-element_type=\"container\" data-settings=\"{&quot;background_background&quot;:&quot;classic&quot;}\">\r\n\t\t\t\t\t<div class=\"e-con-inner\">\r\n\t\t\t\t<div class=\"elementor-element elementor-element-299c959 elementor-widget elementor-widget-spacer\" data-id=\"299c959\" data-element_type=\"widget\" data-widget_type=\"spacer.default\">\n\t\t\t\t<div class=\"elementor-widget-container\">\n\t\t\t\t\t<div class=\"elementor-spacer\">\n\t\t\t<div class=\"elementor-spacer-inner\"><\/div>\n\t\t<\/div>\n\t\t\t\t<\/div>\n\t\t\t\t<\/div>\n\t\t\t\t<div class=\"elementor-element elementor-element-958c253 elementor-widget elementor-widget-heading\" data-id=\"958c253\" data-element_type=\"widget\" data-widget_type=\"heading.default\">\n\t\t\t\t<div class=\"elementor-widget-container\">\n\t\t\t<h1 class=\"elementor-heading-title elementor-size-default\">Polityka Jako\u015bci i Bezstronno\u015bci<\/h1>\t\t<\/div>\n\t\t\t\t<\/div>\n\t\t\t\t<div class=\"elementor-element elementor-element-3fc19e6 elementor-widget elementor-widget-text-editor\" data-id=\"3fc19e6\" data-element_type=\"widget\" data-widget_type=\"text-editor.default\">\n\t\t\t\t<div class=\"elementor-widget-container\">\n\t\t\t\t\t\t\t<p><strong>CORRECT K. B\u0142aszczyk i Wsp\u00f3lnicy Sp. K.<\/strong>\u00a0It is a provider of laboratory services, and by the quality of the research services provided, we mean the extent to which they meet the needs of our clients. We deliver results to our clients that are relevant, accurate, precise, and metrologically consistent with reference standards, in compliance with the requirements and agreements regarding the applied testing methods and timelines<\/p><p>The responsibility of the Laboratory Manager, as well as all employees in their independent actions towards the Laboratory's clients, is to promote and maintain the quality of the Laboratory's work and to uphold good professional practice.<br \/>By implementing the declared Quality Policy, the Laboratory ensures the quality and reliability of the measurements and tests conducted, both for the Laboratory's needs and for those of its clients. We declare full identification and traceability of records and test objects at every stage of the testing process.<\/p><p>The Laboratory conducts its activities in an impartial manner and takes full responsibility for its operations.<\/p><h2><strong>The Laboratory implements the Quality Policy through:<\/strong><\/h2><ul><li>continuously expanding the range of services provided,<\/li><li>maintaining personnel qualification requirements through systematic training,<\/li><li>availability of documents describing the management system for all Laboratory personnel,<\/li><li>Familiarity with and application of the requirements contained in the management system documents, as well as the Quality and Impartiality Policy CORRECT K. B\u0142aszczyk i Wsp\u00f3lnicy Sp. K.<\/li><\/ul><h2><strong>The Laboratory declares that:<\/strong><\/h2><ul><li>all Laboratory personnel are free from any commercial or financial pressures,<\/li><li>all Laboratory personnel adhere to the Impartiality Policy CORRECT K. B\u0142aszczyk i Wsp\u00f3lnicy Sp. K.,<\/li><li>it continuously monitors and identifies risks that may arise from its activities, the Laboratory's structural affiliations, or personnel connections that could affect impartiality,<\/li><li>it operates impartially and independently, avoiding unacceptable conflicts of interest,<\/li><li>it is guided by impartiality and objectivity in the conducted tests, making decisions based on objective evidence while excluding the influence of other interests or parties,<\/li><li>it refrains from conducting laboratory activities in cases where impartiality is at risk,<\/li><li>it adheres to quality management system procedures that ensure consistent limitation of activities strictly to testing and measurements, without engaging in work for its Clients that could jeopardize impartiality,<\/li><li>it does not employ personnel with an existing or potential conflict of interest and does not conduct testing using personnel engaged by Clients,<\/li><li>in the event of identifying potential or actual risks to maintaining impartiality, the Laboratory's Management and Leadership take appropriate actions to minimize the possibility of potential risks or eliminate identified risks.<\/li><\/ul><p>To permanently ensure such an understanding of quality and impartiality, the Management of CORRECT K. B\u0142aszczyk i Wsp\u00f3lnicy Sp. K. declares the maintenance and continuous improvement of a documented management system compliant with the PN-EN ISO\/IEC 17025:2018-02 standard. The effectiveness of this system is monitored through internal audits and management reviews.<\/p>\t\t\t\t\t\t<\/div>\n\t\t\t\t<\/div>\n\t\t\t\t<div class=\"elementor-element elementor-element-c1c5eef elementor-widget elementor-widget-spacer\" data-id=\"c1c5eef\" data-element_type=\"widget\" data-widget_type=\"spacer.default\">\n\t\t\t\t<div class=\"elementor-widget-container\">\n\t\t\t\t\t<div class=\"elementor-spacer\">\n\t\t\t<div class=\"elementor-spacer-inner\"><\/div>\n\t\t<\/div>\n\t\t\t\t<\/div>\n\t\t\t\t<\/div>\n\t\t\t\t\t<\/div>\r\n\t\t\t\t<\/div>\r\n\t\t\t\t<\/div>","protected":false},"excerpt":{"rendered":"<p>Polityka Jako\u015bci i Bezstronno\u015bci CORRECT K. B\u0142aszczyk i Wsp\u00f3lnicy Sp. K.\u00a0jest dostawc\u0105 us\u0142ug laboratoryjnych i przez jako\u015b\u0107 wykonywanych us\u0142ug badawczych rozumiemy stopie\u0144, w jakim zaspokajaj\u0105 one potrzeby naszych Klient\u00f3w. Naszym Klientom dostarczamy wyniki wa\u017cne, poprawne, precyzyjne i sp\u00f3jne metrologicznie z wzorcami odniesienia, kt\u00f3re s\u0105 zgodne z wymaganiami oraz ustaleniami, co do stosowanych metod badawczych oraz terminu ich realizacji. Obowi\u0105zkiem Kierownika Laboratorium, a tak\u017ce wszystkich pracownik\u00f3w w ich samodzielnym dzia\u0142aniu wobec Klient\u00f3w Laboratorium jest promocja i utrzymanie jako\u015bci pracy Laboratorium oraz dobra praktyka profesjonalna.Realizuj\u0105c deklarowan\u0105 Polityk\u0119 Jako\u015bci, Laboratorium zapewnia jako\u015b\u0107 i wiarygodno\u015b\u0107 prowadzonych pomiar\u00f3w i bada\u0144 zar\u00f3wno dla potrzeb Laboratorium jak i Klient\u00f3w. Deklarujemy pe\u0142n\u0105 identyfikacj\u0119 i identyfikowalno\u015b\u0107 zapis\u00f3w, obiekt\u00f3w bada\u0144 na ka\u017cdym etapie realizacji bada\u0144. Laboratorium prowadzi swoj\u0105 dzia\u0142alno\u015b\u0107 w spos\u00f3b bezstronny i ponosi za t\u0119 dzia\u0142alno\u015b\u0107 pe\u0142n\u0105 odpowiedzialno\u015b\u0107. Laboratorium realizuje Polityk\u0119 Jako\u015bci poprzez: ci\u0105g\u0142e poszerzanie zakresu \u015bwiadczonych us\u0142ug, utrzymanie wymaga\u0144 kwalifikacji personelu przez systematyczne szkolenia, dost\u0119pno\u015b\u0107\u00a0dokument\u00f3w opisuj\u0105cych system zarz\u0105dzania dla ca\u0142ego personelu Laboratorium, znajomo\u015b\u0107 i stosowanie wymaga\u0144 zawartych w tre\u015bci dokument\u00f3w systemu zarz\u0105dzania oraz Polityki Jako\u015bci\u00a0i Bezstronno\u015bci CORRECT K. B\u0142aszczyk i Wsp\u00f3lnicy Sp. K. Laboratorium deklaruje, \u017ce: ca\u0142y personel Laboratorium jest wolny od jakichkolwiek nacisk\u00f3w komercyjnych czy finansowych, ca\u0142y personel Laboratorium przestrzega Polityki bezstronno\u015bci CORRECT K. B\u0142aszczyk i Wsp\u00f3lnicy Sp. K., na bie\u017c\u0105co \u015bledzi i identyfikuje ryzyka mog\u0105ce wynika\u0107 z jego dzia\u0142alno\u015bci, powi\u0105za\u0144 strukturalnych Laboratorium czy powi\u0105za\u0144 personelu, kt\u00f3re mog\u0105 wp\u0142yn\u0105\u0107 na bezstronno\u015b\u0107, dzia\u0142a bezstronnie i niezale\u017cnie, unikaj\u0105c nieakceptowanego konfliktu interes\u00f3w, kieruje si\u0119 bezstronno\u015bci\u0105 i obiektywno\u015bci\u0105 w prowadzonych badaniach, podejmuj\u0105c decyzje w oparciu\u00a0o obiektywne dowody z wykluczeniem wp\u0142ywu innych interes\u00f3w lub stron, nie podejmuje prowadzenia dzia\u0142alno\u015bci laboratoryjnej w przypadku zagro\u017cenia bezstronno\u015bci, przestrzega procedur systemu zarz\u0105dzania jako\u015bci\u0105 gwarantuj\u0105cych konsekwentne ograniczenie dzia\u0142alno\u015bci wy\u0142\u0105cznie do bada\u0144 i pomiar\u00f3w, bez anga\u017cowanie si\u0119 u swoich Klient\u00f3w w prace mog\u0105ce zagra\u017ca\u0107 bezstronno\u015bci, nie korzysta z personelu maj\u0105cego aktualny lub mo\u017cliwy konflikt interes\u00f3w i nie prowadzi bada\u0144 korzystaj\u0105c z personelu zaanga\u017cowanego przez Klient\u00f3w, w przypadku stwierdzenia wyst\u0105pienia potencjalnego czy rzeczywistego ryzyka dla zachowania bezstronno\u015bci Zarz\u0105d i Kierownictwo Laboratorium podejmuje odpowiednie dzia\u0142ania maj\u0105ce na celu minimalizacj\u0119 mo\u017cliwo\u015bci wyst\u0105pienia ryzyka potencjalnego lub eliminacj\u0119 ryzyka stwierdzonego. Aby trwale zapewnia\u0107 tak rozumian\u0105 jako\u015b\u0107 i bezstronno\u015b\u0107, Zarz\u0105d CORRECT K. B\u0142aszczyk i Wsp\u00f3lnicy Sp. K.\u00a0deklaruj\u0105 utrzymanie i ci\u0105g\u0142e doskonalenie udokumentowanego systemu zarz\u0105dzania, zgodnego z norm\u0105\u00a0PN-EN ISO\/IEC 17025:2018-02. Skuteczno\u015b\u0107 tego systemu jest monitorowana przy pomocy audyt\u00f3w wewn\u0119trznych\u00a0i przegl\u0105d\u00f3w zarz\u0105dzania.<\/p>","protected":false},"author":3,"featured_media":0,"parent":0,"menu_order":0,"comment_status":"closed","ping_status":"closed","template":"","meta":{"footnotes":""},"class_list":["post-4630","page","type-page","status-publish","hentry","cms-no-post-thumbnail"],"yoast_head":"<!-- This site is optimized with the Yoast SEO plugin v24.0 - https:\/\/yoast.com\/wordpress\/plugins\/seo\/ -->\n<title>Polityka Jako\u015bci - Correct Laboratorium<\/title>\n<meta name=\"description\" content=\"Polityka jako\u015bci realizowana przez Laboratorium Correct w trakcie przeprowadzanych bada\u0144 oraz test\u00f3w produkt\u00f3w.\" \/>\n<meta name=\"robots\" content=\"index, follow, max-snippet:-1, max-image-preview:large, max-video-preview:-1\" \/>\n<link rel=\"canonical\" href=\"https:\/\/correctlab.pl\/en\/polityka-jakosci\/\" \/>\n<meta property=\"og:locale\" content=\"en_US\" \/>\n<meta property=\"og:type\" content=\"article\" \/>\n<meta property=\"og:title\" content=\"Polityka Jako\u015bci - Correct Laboratorium\" \/>\n<meta property=\"og:description\" content=\"Polityka jako\u015bci realizowana przez Laboratorium Correct w trakcie przeprowadzanych bada\u0144 oraz test\u00f3w produkt\u00f3w.\" \/>\n<meta property=\"og:url\" content=\"https:\/\/correctlab.pl\/en\/polityka-jakosci\/\" \/>\n<meta property=\"og:site_name\" content=\"Correct Laboratorium\" \/>\n<meta property=\"article:modified_time\" content=\"2025-02-14T10:13:17+00:00\" \/>\n<meta name=\"twitter:card\" content=\"summary_large_image\" \/>\n<meta name=\"twitter:label1\" content=\"Est. reading time\" \/>\n\t<meta name=\"twitter:data1\" content=\"3 minutes\" \/>\n<script type=\"application\/ld+json\" class=\"yoast-schema-graph\">{\"@context\":\"https:\/\/schema.org\",\"@graph\":[{\"@type\":\"WebPage\",\"@id\":\"https:\/\/correctlab.pl\/polityka-jakosci\/\",\"url\":\"https:\/\/correctlab.pl\/polityka-jakosci\/\",\"name\":\"Polityka Jako\u015bci - Correct Laboratorium\",\"isPartOf\":{\"@id\":\"https:\/\/correctlab.pl\/#website\"},\"datePublished\":\"2024-11-29T09:12:05+00:00\",\"dateModified\":\"2025-02-14T10:13:17+00:00\",\"description\":\"Polityka jako\u015bci realizowana przez Laboratorium Correct w trakcie przeprowadzanych bada\u0144 oraz test\u00f3w produkt\u00f3w.\",\"breadcrumb\":{\"@id\":\"https:\/\/correctlab.pl\/polityka-jakosci\/#breadcrumb\"},\"inLanguage\":\"en-US\",\"potentialAction\":[{\"@type\":\"ReadAction\",\"target\":[\"https:\/\/correctlab.pl\/polityka-jakosci\/\"]}]},{\"@type\":\"BreadcrumbList\",\"@id\":\"https:\/\/correctlab.pl\/polityka-jakosci\/#breadcrumb\",\"itemListElement\":[{\"@type\":\"ListItem\",\"position\":1,\"name\":\"Strona g\u0142\u00f3wna\",\"item\":\"https:\/\/correctlab.pl\/\"},{\"@type\":\"ListItem\",\"position\":2,\"name\":\"Polityka Jako\u015bci\"}]},{\"@type\":\"WebSite\",\"@id\":\"https:\/\/correctlab.pl\/#website\",\"url\":\"https:\/\/correctlab.pl\/\",\"name\":\"Laboratorium Correct\",\"description\":\"\",\"potentialAction\":[{\"@type\":\"SearchAction\",\"target\":{\"@type\":\"EntryPoint\",\"urlTemplate\":\"https:\/\/correctlab.pl\/?s={search_term_string}\"},\"query-input\":{\"@type\":\"PropertyValueSpecification\",\"valueRequired\":true,\"valueName\":\"search_term_string\"}}],\"inLanguage\":\"en-US\"}]}<\/script>\n<!-- \/ Yoast SEO plugin. -->","yoast_head_json":{"title":"Polityka Jako\u015bci - Correct Laboratorium","description":"Polityka jako\u015bci realizowana przez Laboratorium Correct w trakcie przeprowadzanych bada\u0144 oraz test\u00f3w produkt\u00f3w.","robots":{"index":"index","follow":"follow","max-snippet":"max-snippet:-1","max-image-preview":"max-image-preview:large","max-video-preview":"max-video-preview:-1"},"canonical":"https:\/\/correctlab.pl\/en\/polityka-jakosci\/","og_locale":"en_US","og_type":"article","og_title":"Polityka Jako\u015bci - Correct Laboratorium","og_description":"Polityka jako\u015bci realizowana przez Laboratorium Correct w trakcie przeprowadzanych bada\u0144 oraz test\u00f3w produkt\u00f3w.","og_url":"https:\/\/correctlab.pl\/en\/polityka-jakosci\/","og_site_name":"Correct Laboratorium","article_modified_time":"2025-02-14T10:13:17+00:00","twitter_card":"summary_large_image","twitter_misc":{"Est. reading time":"3 minutes"},"schema":{"@context":"https:\/\/schema.org","@graph":[{"@type":"WebPage","@id":"https:\/\/correctlab.pl\/polityka-jakosci\/","url":"https:\/\/correctlab.pl\/polityka-jakosci\/","name":"Polityka Jako\u015bci - Correct Laboratorium","isPartOf":{"@id":"https:\/\/correctlab.pl\/#website"},"datePublished":"2024-11-29T09:12:05+00:00","dateModified":"2025-02-14T10:13:17+00:00","description":"Polityka jako\u015bci realizowana przez Laboratorium Correct w trakcie przeprowadzanych bada\u0144 oraz test\u00f3w produkt\u00f3w.","breadcrumb":{"@id":"https:\/\/correctlab.pl\/polityka-jakosci\/#breadcrumb"},"inLanguage":"en-US","potentialAction":[{"@type":"ReadAction","target":["https:\/\/correctlab.pl\/polityka-jakosci\/"]}]},{"@type":"BreadcrumbList","@id":"https:\/\/correctlab.pl\/polityka-jakosci\/#breadcrumb","itemListElement":[{"@type":"ListItem","position":1,"name":"Strona g\u0142\u00f3wna","item":"https:\/\/correctlab.pl\/"},{"@type":"ListItem","position":2,"name":"Polityka Jako\u015bci"}]},{"@type":"WebSite","@id":"https:\/\/correctlab.pl\/#website","url":"https:\/\/correctlab.pl\/","name":"Laboratorium Correct","description":"","potentialAction":[{"@type":"SearchAction","target":{"@type":"EntryPoint","urlTemplate":"https:\/\/correctlab.pl\/?s={search_term_string}"},"query-input":{"@type":"PropertyValueSpecification","valueRequired":true,"valueName":"search_term_string"}}],"inLanguage":"en-US"}]}},"_links":{"self":[{"href":"https:\/\/correctlab.pl\/en\/wp-json\/wp\/v2\/pages\/4630","targetHints":{"allow":["GET"]}}],"collection":[{"href":"https:\/\/correctlab.pl\/en\/wp-json\/wp\/v2\/pages"}],"about":[{"href":"https:\/\/correctlab.pl\/en\/wp-json\/wp\/v2\/types\/page"}],"author":[{"embeddable":true,"href":"https:\/\/correctlab.pl\/en\/wp-json\/wp\/v2\/users\/3"}],"replies":[{"embeddable":true,"href":"https:\/\/correctlab.pl\/en\/wp-json\/wp\/v2\/comments?post=4630"}],"version-history":[{"count":41,"href":"https:\/\/correctlab.pl\/en\/wp-json\/wp\/v2\/pages\/4630\/revisions"}],"predecessor-version":[{"id":5167,"href":"https:\/\/correctlab.pl\/en\/wp-json\/wp\/v2\/pages\/4630\/revisions\/5167"}],"wp:attachment":[{"href":"https:\/\/correctlab.pl\/en\/wp-json\/wp\/v2\/media?parent=4630"}],"curies":[{"name":"wp","href":"https:\/\/api.w.org\/{rel}","templated":true}]}}